{"id":139,"date":"2024-09-09T11:07:42","date_gmt":"2024-09-09T11:07:42","guid":{"rendered":"https:\/\/gharnata.de\/en\/?page_id=139"},"modified":"2025-12-28T08:59:58","modified_gmt":"2025-12-28T08:59:58","slug":"offices","status":"publish","type":"page","link":"https:\/\/gharnata.de\/en\/offices\/","title":{"rendered":"offices"},"content":{"rendered":"\t\t<div data-elementor-type=\"wp-page\" data-elementor-id=\"139\" class=\"elementor elementor-139\" data-elementor-settings=\"{&quot;element_pack_global_tooltip_width&quot;:{&quot;unit&quot;:&quot;px&quot;,&quot;size&quot;:&quot;&quot;,&quot;sizes&quot;:[]},&quot;element_pack_global_tooltip_width_tablet&quot;:{&quot;unit&quot;:&quot;px&quot;,&quot;size&quot;:&quot;&quot;,&quot;sizes&quot;:[]},&quot;element_pack_global_tooltip_width_mobile&quot;:{&quot;unit&quot;:&quot;px&quot;,&quot;size&quot;:&quot;&quot;,&quot;sizes&quot;:[]},&quot;element_pack_global_tooltip_padding&quot;:{&quot;unit&quot;:&quot;px&quot;,&quot;top&quot;:&quot;&quot;,&quot;right&quot;:&quot;&quot;,&quot;bottom&quot;:&quot;&quot;,&quot;left&quot;:&quot;&quot;,&quot;isLinked&quot;:true},&quot;element_pack_global_tooltip_padding_tablet&quot;:{&quot;unit&quot;:&quot;px&quot;,&quot;top&quot;:&quot;&quot;,&quot;right&quot;:&quot;&quot;,&quot;bottom&quot;:&quot;&quot;,&quot;left&quot;:&quot;&quot;,&quot;isLinked&quot;:true},&quot;element_pack_global_tooltip_padding_mobile&quot;:{&quot;unit&quot;:&quot;px&quot;,&quot;top&quot;:&quot;&quot;,&quot;right&quot;:&quot;&quot;,&quot;bottom&quot;:&quot;&quot;,&quot;left&quot;:&quot;&quot;,&quot;isLinked&quot;:true},&quot;element_pack_global_tooltip_border_radius&quot;:{&quot;unit&quot;:&quot;px&quot;,&quot;top&quot;:&quot;&quot;,&quot;right&quot;:&quot;&quot;,&quot;bottom&quot;:&quot;&quot;,&quot;left&quot;:&quot;&quot;,&quot;isLinked&quot;:true},&quot;element_pack_global_tooltip_border_radius_tablet&quot;:{&quot;unit&quot;:&quot;px&quot;,&quot;top&quot;:&quot;&quot;,&quot;right&quot;:&quot;&quot;,&quot;bottom&quot;:&quot;&quot;,&quot;left&quot;:&quot;&quot;,&quot;isLinked&quot;:true},&quot;element_pack_global_tooltip_border_radius_mobile&quot;:{&quot;unit&quot;:&quot;px&quot;,&quot;top&quot;:&quot;&quot;,&quot;right&quot;:&quot;&quot;,&quot;bottom&quot;:&quot;&quot;,&quot;left&quot;:&quot;&quot;,&quot;isLinked&quot;:true}}\" data-elementor-post-type=\"page\">\n\t\t\t\t<div class=\"elementor-element elementor-element-369f73a e-flex e-con-boxed e-con e-parent\" data-id=\"369f73a\" data-element_type=\"container\" data-settings=\"{&quot;background_background&quot;:&quot;classic&quot;}\">\n\t\t\t\t\t<div class=\"e-con-inner\">\n\t\t\t\t<div class=\"elementor-element elementor-element-7467bdc elementor-view-default elementor-widget elementor-widget-icon\" data-id=\"7467bdc\" data-element_type=\"widget\" data-widget_type=\"icon.default\">\n\t\t\t\t<div class=\"elementor-widget-container\">\n\t\t\t\t\t<div class=\"elementor-icon-wrapper\">\n\t\t\t<div class=\"elementor-icon\">\n\t\t\t<svg xmlns=\"http:\/\/www.w3.org\/2000\/svg\" width=\"48\" height=\"48\" viewBox=\"0 0 48 48\" fill=\"none\"><path d=\"M7.03027 16.9304L24.0003 33.9004L40.9703 16.9304L38.1423 14.1004L24.0003 28.2444L9.85827 14.1004L7.03027 16.9304Z\" fill=\"white\"><\/path><\/svg>\t\t\t<\/div>\n\t\t<\/div>\n\t\t\t\t<\/div>\n\t\t\t\t<\/div>\n\t\t\t\t\t<\/div>\n\t\t\t\t<\/div>\n\t\t<div class=\"elementor-element elementor-element-5694d90 e-flex e-con-boxed e-con e-parent\" data-id=\"5694d90\" data-element_type=\"container\">\n\t\t\t\t\t<div class=\"e-con-inner\">\n\t\t\t\t<div class=\"elementor-element elementor-element-200d78b elementor-widget elementor-widget-breadcrumbs\" data-id=\"200d78b\" data-element_type=\"widget\" data-widget_type=\"breadcrumbs.default\">\n\t\t\t\t<div class=\"elementor-widget-container\">\n\t\t\t<p id=\"breadcrumbs\"><span><span><a href=\"https:\/\/gharnata.de\/en\/\">Home<\/a><\/span><\/span><\/p>\t\t<\/div>\n\t\t\t\t<\/div>\n\t\t\t\t<div class=\"elementor-element elementor-element-3251dc5 elementor-widget elementor-widget-heading\" data-id=\"3251dc5\" data-element_type=\"widget\" data-widget_type=\"heading.default\">\n\t\t\t\t<div class=\"elementor-widget-container\">\n\t\t\t<h1 class=\"elementor-heading-title elementor-size-default\">offices<\/h1>\t\t<\/div>\n\t\t\t\t<\/div>\n\t\t\t\t<div class=\"elementor-element elementor-element-2debb8e elementor-widget elementor-widget-text-editor\" data-id=\"2debb8e\" data-element_type=\"widget\" data-widget_type=\"text-editor.default\">\n\t\t\t\t<div class=\"elementor-widget-container\">\n\t\t\t\t\t\t\t<div>\u00a0<\/div><p>Mit unserem Hauptsitz in <strong>Hamburg<\/strong> und weiteren B\u00fcros in <strong>Istanbul<\/strong>, <strong>Toronto<\/strong>, <strong>Doha<\/strong> und <strong>Madrid<\/strong><\/p><p>nutzen wir lokale Expertise, Zug\u00e4nglichkeit und starke Verbindungen zu wichtigen Standorten.<\/p>\t\t\t\t\t\t<\/div>\n\t\t\t\t<\/div>\n\t\t\t\t\t<\/div>\n\t\t\t\t<\/div>\n\t\t<div class=\"elementor-element elementor-element-785d5db e-flex e-con-boxed e-con e-parent\" data-id=\"785d5db\" data-element_type=\"container\">\n\t\t\t\t\t<div class=\"e-con-inner\">\n\t\t\t\t<div class=\"elementor-element elementor-element-902d8aa elementor-widget elementor-widget-image\" data-id=\"902d8aa\" data-element_type=\"widget\" data-widget_type=\"image.default\">\n\t\t\t\t<div class=\"elementor-widget-container\">\n\t\t\t\t\t\t\t\t\t\t\t\t\t<img fetchpriority=\"high\" decoding=\"async\" width=\"3555\" height=\"1839\" src=\"https:\/\/gharnata.de\/en\/wp-content\/uploads\/2024\/10\/Frame.png\" class=\"attachment-full size-full wp-image-457\" alt=\"\" srcset=\"https:\/\/gharnata.de\/en\/wp-content\/uploads\/2024\/10\/Frame.png 3555w, https:\/\/gharnata.de\/en\/wp-content\/uploads\/2024\/10\/Frame-300x155.png 300w, https:\/\/gharnata.de\/en\/wp-content\/uploads\/2024\/10\/Frame-1024x530.png 1024w, https:\/\/gharnata.de\/en\/wp-content\/uploads\/2024\/10\/Frame-768x397.png 768w, https:\/\/gharnata.de\/en\/wp-content\/uploads\/2024\/10\/Frame-1536x795.png 1536w, https:\/\/gharnata.de\/en\/wp-content\/uploads\/2024\/10\/Frame-2048x1059.png 2048w\" sizes=\"(max-width: 3555px) 100vw, 3555px\" \/>\t\t\t\t\t\t\t\t\t\t\t\t\t<\/div>\n\t\t\t\t<\/div>\n\t\t\t\t\t<\/div>\n\t\t\t\t<\/div>\n\t\t<div class=\"elementor-element elementor-element-e47c610 e-flex e-con-boxed e-con e-parent\" data-id=\"e47c610\" data-element_type=\"container\">\n\t\t\t\t\t<div class=\"e-con-inner\">\n\t\t<div class=\"elementor-element elementor-element-d807780 e-con-full e-flex e-con e-child\" data-id=\"d807780\" data-element_type=\"container\">\n\t\t<div class=\"elementor-element elementor-element-03ee634 e-con-full e-flex e-con e-child\" data-id=\"03ee634\" data-element_type=\"container\">\n\t\t\t\t<div class=\"elementor-element elementor-element-1d3b632 elementor-widget elementor-widget-text-editor\" data-id=\"1d3b632\" data-element_type=\"widget\" data-widget_type=\"text-editor.default\">\n\t\t\t\t<div class=\"elementor-widget-container\">\n\t\t\t\t\t\t\t<p><strong>Gharnata Consultant Engineers GmbH<\/strong><\/p><p>Birkenh\u00f6he 5<\/p><p>22949 Ammersbek<\/p><p>Germany<\/p><p>Tel: +49 (0) 4523 289 4622<\/p><p><span style=\"color: #000000;\"><a style=\"color: #000000;\" href=\"mailto:info@gharnata.de\">info@gharnata.de<\/a><\/span><\/p>\t\t\t\t\t\t<\/div>\n\t\t\t\t<\/div>\n\t\t\t\t<div class=\"elementor-element elementor-element-f603102 elementor-widget elementor-widget-text-editor\" data-id=\"f603102\" data-element_type=\"widget\" data-widget_type=\"text-editor.default\">\n\t\t\t\t<div class=\"elementor-widget-container\">\n\t\t\t\t\t\t\t<p><strong>Frevent Design Inc.<\/strong><\/p><p>90 Burnhamthorpe Road West<\/p><p>14th Floor, Suite 1400<\/p><p>Mississauge, ON L5B 3C3<\/p><p>Canada<\/p><p>Tel.: +1 416 836 7071<\/p><p><span style=\"color: #000000;\"><a style=\"color: #000000;\" href=\"mailto:info@freventdesign.com\">info@freventdesign.com<\/a><\/span><\/p>\t\t\t\t\t\t<\/div>\n\t\t\t\t<\/div>\n\t\t\t\t<\/div>\n\t\t<div class=\"elementor-element elementor-element-833a85a e-con-full e-flex e-con e-child\" data-id=\"833a85a\" data-element_type=\"container\">\n\t\t\t\t<div class=\"elementor-element elementor-element-fbd66b4 elementor-widget elementor-widget-text-editor\" data-id=\"fbd66b4\" data-element_type=\"widget\" data-widget_type=\"text-editor.default\">\n\t\t\t\t<div class=\"elementor-widget-container\">\n\t\t\t\t\t\t\t<p><strong>Gharnata Consultant Engineers<\/strong><\/p><p>Wholesale Market Street<\/p><p>P.o.Box 18880<\/p><p>Doha, Qatar<\/p><p>Tel.: +974 44 124 292<\/p><p><span style=\"color: #000000;\"><a style=\"color: #000000;\" href=\"mailto:info@gharnata.net\">info@gharnata.net<\/a><\/span><\/p>\t\t\t\t\t\t<\/div>\n\t\t\t\t<\/div>\n\t\t\t\t<div class=\"elementor-element elementor-element-dd1f956 elementor-widget elementor-widget-text-editor\" data-id=\"dd1f956\" data-element_type=\"widget\" data-widget_type=\"text-editor.default\">\n\t\t\t\t<div class=\"elementor-widget-container\">\n\t\t\t\t\t\t\t<p><strong>Arqkit GCE International Engineering Consultants SL<\/strong><\/p><p>Estamos en la Calle Braco Murillo 147<\/p><p>Entreplanta. 28020 Madrid<\/p><p>Spain<\/p><p>Tel.: +34 (0) 919 394 159<\/p><p><span style=\"color: #000000;\"><a style=\"color: #000000;\" href=\"mailto:info@arqkit.com\">info@arqkit.com<\/a><\/span><\/p><p>\u00a0<\/p>\t\t\t\t\t\t<\/div>\n\t\t\t\t<\/div>\n\t\t\t\t<\/div>\n\t\t<div class=\"elementor-element elementor-element-f266bdc e-con-full e-flex e-con e-child\" data-id=\"f266bdc\" data-element_type=\"container\">\n\t\t\t\t<div class=\"elementor-element elementor-element-195f614 elementor-widget elementor-widget-text-editor\" data-id=\"195f614\" data-element_type=\"widget\" data-widget_type=\"text-editor.default\">\n\t\t\t\t<div class=\"elementor-widget-container\">\n\t\t\t\t\t\t\t<p><strong>Cordoba M\u00fchendislik Mimarlik Hizmetleri A.S.<\/strong><\/p><p>\u00d6mer Avni Mah. In\u00f6n\u00fc Cad. 48\/9<\/p><p>Beyoglu, Istanbul<\/p><p>Turkey<\/p><p>Tel.: +90 (0) 212 249 49 66<\/p><p><span style=\"color: #000000;\"><a style=\"color: #000000;\" href=\"mailto:info@cordoba212.com\">info@cordoba212.com<\/a><\/span><\/p>\t\t\t\t\t\t<\/div>\n\t\t\t\t<\/div>\n\t\t\t\t<\/div>\n\t\t\t\t<\/div>\n\t\t\t\t\t<\/div>\n\t\t\t\t<\/div>\n\t\t\t\t<\/div>\n\t\t","protected":false},"excerpt":{"rendered":"<p>\u00a0 Mit unserem Hauptsitz in Hamburg und weiteren B\u00fcros in Istanbul, Toronto, Doha und Madrid nutzen wir lokale Expertise, Zug\u00e4nglichkeit und starke Verbindungen zu wichtigen Standorten. Gharnata Consultant Engineers GmbH Birkenh\u00f6he 5 22949 Ammersbek Germany Tel: +49 (0) 4523 289 4622 info@gharnata.de Frevent Design Inc. 90 Burnhamthorpe Road West 14th Floor, Suite 1400 Mississauge, ON [&hellip;]<\/p>\n","protected":false},"author":1,"featured_media":0,"parent":0,"menu_order":0,"comment_status":"closed","ping_status":"closed","template":"","meta":{"_acf_changed":false,"footnotes":""},"class_list":["post-139","page","type-page","status-publish","hentry"],"acf":[],"yoast_head":"<!-- This site is optimized with the Yoast SEO plugin v23.6 - https:\/\/yoast.com\/wordpress\/plugins\/seo\/ -->\n<title>offices - gharnata<\/title>\n<meta name=\"robots\" content=\"noindex, follow, max-snippet:-1, max-image-preview:large, max-video-preview:-1\" \/>\n<meta property=\"og:locale\" content=\"en_US\" \/>\n<meta property=\"og:type\" content=\"article\" \/>\n<meta property=\"og:title\" content=\"offices - gharnata\" \/>\n<meta property=\"og:description\" content=\"\u00a0 Mit unserem Hauptsitz in Hamburg und weiteren B\u00fcros in Istanbul, Toronto, Doha und Madrid nutzen wir lokale Expertise, Zug\u00e4nglichkeit und starke Verbindungen zu wichtigen Standorten. Gharnata Consultant Engineers GmbH Birkenh\u00f6he 5 22949 Ammersbek Germany Tel: +49 (0) 4523 289 4622 info@gharnata.de Frevent Design Inc. 90 Burnhamthorpe Road West 14th Floor, Suite 1400 Mississauge, ON [&hellip;]\" \/>\n<meta property=\"og:url\" content=\"https:\/\/gharnata.de\/en\/offices\/\" \/>\n<meta property=\"og:site_name\" content=\"gharnata\" \/>\n<meta property=\"article:modified_time\" content=\"2025-12-28T08:59:58+00:00\" \/>\n<meta property=\"og:image\" content=\"https:\/\/gharnata.de\/en\/wp-content\/uploads\/2024\/10\/Frame.png\" \/>\n\t<meta property=\"og:image:width\" content=\"3555\" \/>\n\t<meta property=\"og:image:height\" content=\"1839\" \/>\n\t<meta property=\"og:image:type\" content=\"image\/png\" \/>\n<meta name=\"twitter:card\" content=\"summary_large_image\" \/>\n<meta name=\"twitter:label1\" content=\"Est. reading time\" \/>\n\t<meta name=\"twitter:data1\" content=\"1 minute\" \/>\n<script type=\"application\/ld+json\" class=\"yoast-schema-graph\">{\"@context\":\"https:\/\/schema.org\",\"@graph\":[{\"@type\":\"WebPage\",\"@id\":\"https:\/\/gharnata.de\/en\/offices\/\",\"url\":\"https:\/\/gharnata.de\/en\/offices\/\",\"name\":\"offices - gharnata\",\"isPartOf\":{\"@id\":\"https:\/\/gharnata.de\/en\/#website\"},\"primaryImageOfPage\":{\"@id\":\"https:\/\/gharnata.de\/en\/offices\/#primaryimage\"},\"image\":{\"@id\":\"https:\/\/gharnata.de\/en\/offices\/#primaryimage\"},\"thumbnailUrl\":\"https:\/\/gharnata.de\/en\/wp-content\/uploads\/2024\/10\/Frame.png\",\"datePublished\":\"2024-09-09T11:07:42+00:00\",\"dateModified\":\"2025-12-28T08:59:58+00:00\",\"breadcrumb\":{\"@id\":\"https:\/\/gharnata.de\/en\/offices\/#breadcrumb\"},\"inLanguage\":\"en-US\",\"potentialAction\":[{\"@type\":\"ReadAction\",\"target\":[\"https:\/\/gharnata.de\/en\/offices\/\"]}]},{\"@type\":\"ImageObject\",\"inLanguage\":\"en-US\",\"@id\":\"https:\/\/gharnata.de\/en\/offices\/#primaryimage\",\"url\":\"https:\/\/gharnata.de\/en\/wp-content\/uploads\/2024\/10\/Frame.png\",\"contentUrl\":\"https:\/\/gharnata.de\/en\/wp-content\/uploads\/2024\/10\/Frame.png\",\"width\":3555,\"height\":1839},{\"@type\":\"BreadcrumbList\",\"@id\":\"https:\/\/gharnata.de\/en\/offices\/#breadcrumb\",\"itemListElement\":[{\"@type\":\"ListItem\",\"position\":1,\"name\":\"Home\",\"item\":\"https:\/\/gharnata.de\/en\/\"},{\"@type\":\"ListItem\",\"position\":2,\"name\":\"offices\"}]},{\"@type\":\"WebSite\",\"@id\":\"https:\/\/gharnata.de\/en\/#website\",\"url\":\"https:\/\/gharnata.de\/en\/\",\"name\":\"gharnata\",\"description\":\"\",\"publisher\":{\"@id\":\"https:\/\/gharnata.de\/en\/#organization\"},\"potentialAction\":[{\"@type\":\"SearchAction\",\"target\":{\"@type\":\"EntryPoint\",\"urlTemplate\":\"https:\/\/gharnata.de\/en\/?s={search_term_string}\"},\"query-input\":{\"@type\":\"PropertyValueSpecification\",\"valueRequired\":true,\"valueName\":\"search_term_string\"}}],\"inLanguage\":\"en-US\"},{\"@type\":\"Organization\",\"@id\":\"https:\/\/gharnata.de\/en\/#organization\",\"name\":\"gharnata\",\"url\":\"https:\/\/gharnata.de\/en\/\",\"logo\":{\"@type\":\"ImageObject\",\"inLanguage\":\"en-US\",\"@id\":\"https:\/\/gharnata.de\/en\/#\/schema\/logo\/image\/\",\"url\":\"https:\/\/gharnata.de\/en\/wp-content\/uploads\/2024\/09\/MicrosoftTeams-image-80-3.png\",\"contentUrl\":\"https:\/\/gharnata.de\/en\/wp-content\/uploads\/2024\/09\/MicrosoftTeams-image-80-3.png\",\"width\":126,\"height\":57,\"caption\":\"gharnata\"},\"image\":{\"@id\":\"https:\/\/gharnata.de\/en\/#\/schema\/logo\/image\/\"}}]}<\/script>\n<!-- \/ Yoast SEO plugin. -->","yoast_head_json":{"title":"offices - gharnata","robots":{"index":"noindex","follow":"follow","max-snippet":"max-snippet:-1","max-image-preview":"max-image-preview:large","max-video-preview":"max-video-preview:-1"},"og_locale":"en_US","og_type":"article","og_title":"offices - gharnata","og_description":"\u00a0 Mit unserem Hauptsitz in Hamburg und weiteren B\u00fcros in Istanbul, Toronto, Doha und Madrid nutzen wir lokale Expertise, Zug\u00e4nglichkeit und starke Verbindungen zu wichtigen Standorten. Gharnata Consultant Engineers GmbH Birkenh\u00f6he 5 22949 Ammersbek Germany Tel: +49 (0) 4523 289 4622 info@gharnata.de Frevent Design Inc. 90 Burnhamthorpe Road West 14th Floor, Suite 1400 Mississauge, ON [&hellip;]","og_url":"https:\/\/gharnata.de\/en\/offices\/","og_site_name":"gharnata","article_modified_time":"2025-12-28T08:59:58+00:00","og_image":[{"width":3555,"height":1839,"url":"https:\/\/gharnata.de\/en\/wp-content\/uploads\/2024\/10\/Frame.png","type":"image\/png"}],"twitter_card":"summary_large_image","twitter_misc":{"Est. reading time":"1 minute"},"schema":{"@context":"https:\/\/schema.org","@graph":[{"@type":"WebPage","@id":"https:\/\/gharnata.de\/en\/offices\/","url":"https:\/\/gharnata.de\/en\/offices\/","name":"offices - gharnata","isPartOf":{"@id":"https:\/\/gharnata.de\/en\/#website"},"primaryImageOfPage":{"@id":"https:\/\/gharnata.de\/en\/offices\/#primaryimage"},"image":{"@id":"https:\/\/gharnata.de\/en\/offices\/#primaryimage"},"thumbnailUrl":"https:\/\/gharnata.de\/en\/wp-content\/uploads\/2024\/10\/Frame.png","datePublished":"2024-09-09T11:07:42+00:00","dateModified":"2025-12-28T08:59:58+00:00","breadcrumb":{"@id":"https:\/\/gharnata.de\/en\/offices\/#breadcrumb"},"inLanguage":"en-US","potentialAction":[{"@type":"ReadAction","target":["https:\/\/gharnata.de\/en\/offices\/"]}]},{"@type":"ImageObject","inLanguage":"en-US","@id":"https:\/\/gharnata.de\/en\/offices\/#primaryimage","url":"https:\/\/gharnata.de\/en\/wp-content\/uploads\/2024\/10\/Frame.png","contentUrl":"https:\/\/gharnata.de\/en\/wp-content\/uploads\/2024\/10\/Frame.png","width":3555,"height":1839},{"@type":"BreadcrumbList","@id":"https:\/\/gharnata.de\/en\/offices\/#breadcrumb","itemListElement":[{"@type":"ListItem","position":1,"name":"Home","item":"https:\/\/gharnata.de\/en\/"},{"@type":"ListItem","position":2,"name":"offices"}]},{"@type":"WebSite","@id":"https:\/\/gharnata.de\/en\/#website","url":"https:\/\/gharnata.de\/en\/","name":"gharnata","description":"","publisher":{"@id":"https:\/\/gharnata.de\/en\/#organization"},"potentialAction":[{"@type":"SearchAction","target":{"@type":"EntryPoint","urlTemplate":"https:\/\/gharnata.de\/en\/?s={search_term_string}"},"query-input":{"@type":"PropertyValueSpecification","valueRequired":true,"valueName":"search_term_string"}}],"inLanguage":"en-US"},{"@type":"Organization","@id":"https:\/\/gharnata.de\/en\/#organization","name":"gharnata","url":"https:\/\/gharnata.de\/en\/","logo":{"@type":"ImageObject","inLanguage":"en-US","@id":"https:\/\/gharnata.de\/en\/#\/schema\/logo\/image\/","url":"https:\/\/gharnata.de\/en\/wp-content\/uploads\/2024\/09\/MicrosoftTeams-image-80-3.png","contentUrl":"https:\/\/gharnata.de\/en\/wp-content\/uploads\/2024\/09\/MicrosoftTeams-image-80-3.png","width":126,"height":57,"caption":"gharnata"},"image":{"@id":"https:\/\/gharnata.de\/en\/#\/schema\/logo\/image\/"}}]}},"_links":{"self":[{"href":"https:\/\/gharnata.de\/en\/wp-json\/wp\/v2\/pages\/139","targetHints":{"allow":["GET"]}}],"collection":[{"href":"https:\/\/gharnata.de\/en\/wp-json\/wp\/v2\/pages"}],"about":[{"href":"https:\/\/gharnata.de\/en\/wp-json\/wp\/v2\/types\/page"}],"author":[{"embeddable":true,"href":"https:\/\/gharnata.de\/en\/wp-json\/wp\/v2\/users\/1"}],"replies":[{"embeddable":true,"href":"https:\/\/gharnata.de\/en\/wp-json\/wp\/v2\/comments?post=139"}],"version-history":[{"count":32,"href":"https:\/\/gharnata.de\/en\/wp-json\/wp\/v2\/pages\/139\/revisions"}],"predecessor-version":[{"id":572,"href":"https:\/\/gharnata.de\/en\/wp-json\/wp\/v2\/pages\/139\/revisions\/572"}],"wp:attachment":[{"href":"https:\/\/gharnata.de\/en\/wp-json\/wp\/v2\/media?parent=139"}],"curies":[{"name":"wp","href":"https:\/\/api.w.org\/{rel}","templated":true}]}}